{"id":10571,"date":"2023-08-04T17:44:26","date_gmt":"2023-08-04T14:44:26","guid":{"rendered":"https:\/\/onparturi.fi\/?post_type=product&#038;p=10571"},"modified":"2026-01-01T16:30:43","modified_gmt":"2026-01-01T14:30:43","slug":"l3vel3-styling-comb-set-2-pc","status":"publish","type":"product","link":"https:\/\/onparturi.fi\/en\/shop\/hiustuotteet\/kammat-harjat\/l3vel3-styling-comb-set-2-pc\/","title":{"rendered":"L3VEL3 Styling Comb Set \u2013 2 Pc"},"content":{"rendered":"<hr \/>\n<blockquote>\n<h2 style=\"text-align: center;\">L3VEL3\u2122 Styling Comb Set<\/h2>\n<\/blockquote>\n<hr \/>\n<blockquote><p>&nbsp;<\/p>\n<h6 style=\"text-align: center;\"><a href=\"https:\/\/onparturi.fi\/en\/product-tag\/l3vel3\/\">L3VEL3\u2122<\/a> Muotoilukampasarja &#8211; 2 kpl:Astu seuraavalle tasolle hiustenmuotoilussa n\u00e4ill\u00e4 ammattimaisilla kampoilla, jotka selvitt\u00e4v\u00e4t takut, muotoilevat hiuksia ja ehk\u00e4isev\u00e4t s\u00e4hk\u00f6isyytt\u00e4.<\/h6>\n<h6 style=\"text-align: center;\">Kammat ovat v\u00e4ltt\u00e4m\u00e4tt\u00f6mi\u00e4 niin kotona, kampaamossa kuin parturissa. Mutta t\u00e4m\u00e4 kammasarja on muita edell\u00e4. Mukana on kaksi hartsista valmistettua kamppaa, jotka tarjoavat ylivertaista kest\u00e4vyytt\u00e4, l\u00e4mm\u00f6nkest\u00e4vyytt\u00e4 ja antistaattisia ominaisuuksia. V\u00e4lj\u00e4t hampaat liukuvat vaivatta hiusten l\u00e4pi poistaen takut ilman nykimist\u00e4. Py\u00f6ristetyt k\u00e4rjet suojaavat hiuspohjaa naarmuilta ja ergonomiset kahvat takaavat mukavuuden k\u00e4yt\u00f6n aikana.<\/h6>\n<\/blockquote>\n<blockquote>\n<h3 style=\"text-align: center;\">Mitat:<\/h3>\n<h6 style=\"text-align: center;\">7 tuumaa pitk\u00e4. Sis\u00e4lt\u00e4\u00e4: 2 hiustenmuotoilukampaa.<\/h6>\n<p style=\"text-align: center;\">Usage Instructions:<\/p>\n<h6 style=\"text-align: center;\">&#8211; Harjaa m\u00e4r\u00e4t hiukset n\u00e4ill\u00e4 kammalla ennen leikkausta, poistaaksesi takut<br \/>\n&#8211; Liuta kampaa hiusten l\u00e4pi kuivauksen aikana, luodaksesi sile\u00e4n lopputuloksen<br \/>\n&#8211; Muotoile hiukset nostamalla ja lis\u00e4\u00e4m\u00e4ll\u00e4 hiuslakkaa kamman avulla<br \/>\n&#8211; Levit\u00e4 hiustuotteet helposti kamman v\u00e4ljill\u00e4 hampailla<br \/>\n&#8211; Mahdollisuudet ja k\u00e4ytt\u00f6tavat ovat loputtomat&#8230;<\/h6>\n<p style=\"text-align: center;\">\n<\/blockquote>","protected":false},"excerpt":{"rendered":"<h2>T\u00e4ss\u00e4 L3VEL3 Styling Comb Set \u2013 2 Pc<\/h2>\n<p>ammattimaisessa hiustenmuotoilukammasarjassa on kammat, jotka selvitt\u00e4v\u00e4t takut, muotoilevat hiuksia ja est\u00e4v\u00e4t s\u00e4hk\u00f6isyytt\u00e4.<\/p>","protected":false},"featured_media":10568,"comment_status":"open","ping_status":"closed","template":"","meta":[],"product_brand":[],"product_cat":[213,197],"product_tag":[199],"class_list":{"0":"post-10571","1":"product","2":"type-product","3":"status-publish","4":"has-post-thumbnail","6":"product_cat-kammat-harjat","7":"product_cat-hiustuotteet","8":"product_tag-l3vel3","10":"first","11":"instock","12":"taxable","13":"shipping-taxable","14":"purchasable","15":"product-type-simple"},"_links":{"self":[{"href":"https:\/\/onparturi.fi\/en\/wp-json\/wp\/v2\/product\/10571","targetHints":{"allow":["GET"]}}],"collection":[{"href":"https:\/\/onparturi.fi\/en\/wp-json\/wp\/v2\/product"}],"about":[{"href":"https:\/\/onparturi.fi\/en\/wp-json\/wp\/v2\/types\/product"}],"replies":[{"embeddable":true,"href":"https:\/\/onparturi.fi\/en\/wp-json\/wp\/v2\/comments?post=10571"}],"version-history":[{"count":2,"href":"https:\/\/onparturi.fi\/en\/wp-json\/wp\/v2\/product\/10571\/revisions"}],"predecessor-version":[{"id":12152,"href":"https:\/\/onparturi.fi\/en\/wp-json\/wp\/v2\/product\/10571\/revisions\/12152"}],"wp:featuredmedia":[{"embeddable":true,"href":"https:\/\/onparturi.fi\/en\/wp-json\/wp\/v2\/media\/10568"}],"wp:attachment":[{"href":"https:\/\/onparturi.fi\/en\/wp-json\/wp\/v2\/media?parent=10571"}],"wp:term":[{"taxonomy":"product_brand","embeddable":true,"href":"https:\/\/onparturi.fi\/en\/wp-json\/wp\/v2\/product_brand?post=10571"},{"taxonomy":"product_cat","embeddable":true,"href":"https:\/\/onparturi.fi\/en\/wp-json\/wp\/v2\/product_cat?post=10571"},{"taxonomy":"product_tag","embeddable":true,"href":"https:\/\/onparturi.fi\/en\/wp-json\/wp\/v2\/product_tag?post=10571"}],"curies":[{"name":"wp","href":"https:\/\/api.w.org\/{rel}","templated":true}]}}