{"id":10570,"date":"2023-08-04T17:24:28","date_gmt":"2023-08-04T14:24:28","guid":{"rendered":"https:\/\/onparturi.fi\/?post_type=product&#038;p=10570"},"modified":"2024-11-02T14:44:26","modified_gmt":"2024-11-02T12:44:26","slug":"transparent-shaving-gel-ice-500ml","status":"publish","type":"product","link":"https:\/\/onparturi.fi\/en\/shop\/parta-viikset\/transparent-shaving-gel-ice-500ml\/","title":{"rendered":"L3VEL3 Transparent Shaving Gel ice 500ml"},"content":{"rendered":"<hr \/>\n<blockquote>\n<h2 style=\"text-align: center;\"><span style=\"color: #000000;\"><a style=\"color: #000000;\" href=\"https:\/\/onparturi.fi\/en\/product-tag\/l3vel3\/\">L3VEL3 \u00a0Transparent Shaving Gel ice<\/a><\/span><\/h2>\n<\/blockquote>\n<hr \/>\n<blockquote><p>&nbsp;<\/p>\n<h6 style=\"text-align: center;\">L3VEL3\u2122 esittelee mullistavan parranajogeelin selke\u00e4ll\u00e4 kaavalla, joka tekee parranajosta vaivatonta.<br \/>\nTervetuloa tulevaisuuteen.<\/h6>\n<h6 style=\"text-align: center;\">Olit sitten ammattimainen parturi tai hoidat partasi kotona, luulet ehk\u00e4 osaavasi parranajon t\u00e4ydellisesti, eik\u00f6 niin? Mutta ei h\u00e4t\u00e4\u00e4, meill\u00e4 on sinulle parempi ratkaisu. Unohda perinteiset vaahtomaiset parranajogeelit ja -voiteet ja tutustu tulevaisuuden kaavaan. Kirkas geelimme mahdollistaa l\u00e4hemm\u00e4n ja helpomman parranajon v\u00e4hemm\u00e4ll\u00e4 \u00e4rsytyksell\u00e4 ja paremmilla tuloksilla. Vaahtomaton geeli n\u00e4ytt\u00e4\u00e4 selv\u00e4sti, miss\u00e4 ter\u00e4 on jo kulkenut, s\u00e4\u00e4st\u00e4en aikaa ja vaivaa. Geelin kosteuttava ja suojaava koostumus pit\u00e4\u00e4 ihon pehme\u00e4n\u00e4 ja sile\u00e4n\u00e4 ilman leikkauksia tai \u00e4rsytyst\u00e4. Parranajo on juuri ottanut harppauksen eteenp\u00e4in, joten \u00e4l\u00e4 j\u00e4\u00e4 j\u00e4lkeen.<\/h6>\n<h4 style=\"text-align: center;\">Miksi t\u00e4m\u00e4 on mullistavaa<\/h4>\n<h6 style=\"text-align: center;\">Unohda kaikki, mit\u00e4 olet oppinut parranajosta; me olemme viem\u00e4ss\u00e4 sen seuraavalle tasolle. T\u00e4ss\u00e4 on kirkas parranajogeeli suoralle partater\u00e4lle. Erityisesti kehitetty ajon\u00e4kyvyyden parantamiseksi, jokainen veto takaa upean tuloksen. Geeli luo suojan ihon ja ter\u00e4n v\u00e4lille, v\u00e4hent\u00e4en \u00e4rsytysriski\u00e4. Se my\u00f6s lukitsee kosteuden ihoon ja j\u00e4tt\u00e4\u00e4 sen raikkaalta tuoksuvaksi. Tervetuloa tulevaisuuteen.<\/h6>\n<h6 style=\"text-align: center;\">Innovatiivinen kirkas koostumus tekee t\u00e4st\u00e4 geelist\u00e4 ammattimaisen. Ilman valkoista vaahtoa, n\u00e4et selke\u00e4sti, miss\u00e4 ter\u00e4 on kulkenut, joten teet v\u00e4hemm\u00e4n vetoja. T\u00e4m\u00e4 ei vain lyhenn\u00e4 parranajoaikaa (hy\u00f6ty\u00e4, jos olet kiireinen), vaan my\u00f6s v\u00e4hent\u00e4\u00e4 ihon herkkyytt\u00e4 (koska voit olla ilman \u00e4rsytyst\u00e4). T\u00e4ll\u00e4 geelill\u00e4 saavutat aina eritt\u00e4in sile\u00e4n ja tarkan lopputuloksen.<\/h6>\n<h6 style=\"text-align: center;\"><\/h6>\n<\/blockquote>","protected":false},"excerpt":{"rendered":"<p>L3VEL3 \u00a0Transparent Shaving Gel ice &nbsp; L3VEL3\u2122 esittelee mullistavan parranajogeelin selke\u00e4ll\u00e4 kaavalla, joka tekee parranajosta vaivatonta. Tervetuloa tulevaisuuteen. Olit sitten ammattimainen parturi tai hoidat partasi kotona, luulet ehk\u00e4 osaavasi parranajon t\u00e4ydellisesti, eik\u00f6 niin? Mutta ei h\u00e4t\u00e4\u00e4, meill\u00e4 on sinulle parempi ratkaisu. Unohda perinteiset vaahtomaiset parranajogeelit ja -voiteet ja tutustu tulevaisuuden kaavaan. Kirkas geelimme mahdollistaa l\u00e4hemm\u00e4n [&hellip;]<\/p>","protected":false},"featured_media":10567,"comment_status":"open","ping_status":"closed","template":"","meta":[],"product_brand":[],"product_cat":[45],"product_tag":[199],"class_list":{"0":"post-10570","1":"product","2":"type-product","3":"status-publish","4":"has-post-thumbnail","6":"product_cat-parta-viikset","7":"product_tag-l3vel3","9":"first","10":"outofstock","11":"taxable","12":"shipping-taxable","13":"purchasable","14":"product-type-simple"},"_links":{"self":[{"href":"https:\/\/onparturi.fi\/en\/wp-json\/wp\/v2\/product\/10570","targetHints":{"allow":["GET"]}}],"collection":[{"href":"https:\/\/onparturi.fi\/en\/wp-json\/wp\/v2\/product"}],"about":[{"href":"https:\/\/onparturi.fi\/en\/wp-json\/wp\/v2\/types\/product"}],"replies":[{"embeddable":true,"href":"https:\/\/onparturi.fi\/en\/wp-json\/wp\/v2\/comments?post=10570"}],"version-history":[{"count":4,"href":"https:\/\/onparturi.fi\/en\/wp-json\/wp\/v2\/product\/10570\/revisions"}],"predecessor-version":[{"id":10727,"href":"https:\/\/onparturi.fi\/en\/wp-json\/wp\/v2\/product\/10570\/revisions\/10727"}],"wp:featuredmedia":[{"embeddable":true,"href":"https:\/\/onparturi.fi\/en\/wp-json\/wp\/v2\/media\/10567"}],"wp:attachment":[{"href":"https:\/\/onparturi.fi\/en\/wp-json\/wp\/v2\/media?parent=10570"}],"wp:term":[{"taxonomy":"product_brand","embeddable":true,"href":"https:\/\/onparturi.fi\/en\/wp-json\/wp\/v2\/product_brand?post=10570"},{"taxonomy":"product_cat","embeddable":true,"href":"https:\/\/onparturi.fi\/en\/wp-json\/wp\/v2\/product_cat?post=10570"},{"taxonomy":"product_tag","embeddable":true,"href":"https:\/\/onparturi.fi\/en\/wp-json\/wp\/v2\/product_tag?post=10570"}],"curies":[{"name":"wp","href":"https:\/\/api.w.org\/{rel}","templated":true}]}}