{"id":10566,"date":"2023-08-04T16:57:48","date_gmt":"2023-08-04T13:57:48","guid":{"rendered":"https:\/\/onparturi.fi\/?post_type=product&#038;p=10566"},"modified":"2024-11-02T14:44:45","modified_gmt":"2024-11-02T12:44:45","slug":"shaving-gel-aqua-500ml","status":"publish","type":"product","link":"https:\/\/onparturi.fi\/en\/shop\/parta-viikset\/shaving-gel-aqua-500ml\/","title":{"rendered":"L3VEL3 Shaving Gel Aqua 500ML"},"content":{"rendered":"<hr \/>\n<blockquote>\n<h2 style=\"text-align: center;\">Transparent Shaving Gel<\/h2>\n<\/blockquote>\n<hr \/>\n<h2><\/h2>\n<blockquote>\n<p style=\"text-align: center;\"><a href=\"https:\/\/onparturi.fi\/en\/product-tag\/l3vel3\/\">L3VEL3\u2122<\/a> kirkas parranajogeeli tekee parranajosta vaivatonta ja n\u00e4kym\u00e4tt\u00f6m\u00e4sti tehokasta.<br \/>\nTervetuloa tulevaisuuteen.<\/p>\n<p style=\"text-align: center;\">Olipa kyseess\u00e4 ammattimainen parturi tai kotik\u00e4ytt\u00e4j\u00e4, unohda vanhat tavat ja astu uuden ajan parranajoon. Kirkas geelimme mahdollistaa n\u00e4kyvyyden ajossa, joka takaa tarkan ja miellytt\u00e4v\u00e4n lopputuloksen. Vaahtomaton geeli n\u00e4ytt\u00e4\u00e4, miss\u00e4 ter\u00e4 on jo liikkunut, s\u00e4\u00e4st\u00e4en aikaa ja ehk\u00e4isten \u00e4rsytyst\u00e4. Sen kosteuttava ja suojaava koostumus pit\u00e4\u00e4 ihon pehme\u00e4n\u00e4 ja sile\u00e4n\u00e4 ilman leikkauksia tai \u00e4rsytyst\u00e4. T\u00e4m\u00e4 on parranajon uusi aikakausi, joten \u00e4l\u00e4 j\u00e4\u00e4 j\u00e4lkeen.<\/p>\n<h4 style=\"text-align: center;\">K\u00e4ytt\u00f6ohje<\/h4>\n<p style=\"text-align: center;\">Kastele iho ja levit\u00e4 pieni m\u00e4\u00e4r\u00e4 geeli\u00e4 sormenp\u00e4ihisi<br \/>\nTai levit\u00e4 geeli suoraan ajettavalle alueelle<br \/>\nHiero geeli\u00e4 varovasti tasaisesti<br \/>\nAloita ajelu karvan kasvusuuntaan<br \/>\nHuuhtele vedell\u00e4 ja kuivaa iho.<\/p>\n<h4 style=\"text-align: center;\">Ainesosat<\/h4>\n<p style=\"text-align: center;\">Aqua, Glycerin, Triethanolamine, Carbomer, Parfum, Magnesium chloride, Magnesium Nitrate, PEG-90M, Methylchloroisothiazolinone, Methlyisothiazolinone, CI 42090<\/p>\n<\/blockquote>","protected":false},"excerpt":{"rendered":"<p>L3VEL3\u2122 shvaing gel kirkas parranajogeeli tekee parranajosta vaivatonta ja n\u00e4kym\u00e4tt\u00f6m\u00e4sti tehokasta.Tervetuloa tulevaisuuteen.<\/p>","protected":false},"featured_media":10569,"comment_status":"open","ping_status":"closed","template":"","meta":[],"product_brand":[],"product_cat":[45],"product_tag":[199],"class_list":{"0":"post-10566","1":"product","2":"type-product","3":"status-publish","4":"has-post-thumbnail","6":"product_cat-parta-viikset","7":"product_tag-l3vel3","9":"first","10":"outofstock","11":"taxable","12":"shipping-taxable","13":"purchasable","14":"product-type-simple"},"_links":{"self":[{"href":"https:\/\/onparturi.fi\/en\/wp-json\/wp\/v2\/product\/10566","targetHints":{"allow":["GET"]}}],"collection":[{"href":"https:\/\/onparturi.fi\/en\/wp-json\/wp\/v2\/product"}],"about":[{"href":"https:\/\/onparturi.fi\/en\/wp-json\/wp\/v2\/types\/product"}],"replies":[{"embeddable":true,"href":"https:\/\/onparturi.fi\/en\/wp-json\/wp\/v2\/comments?post=10566"}],"version-history":[{"count":3,"href":"https:\/\/onparturi.fi\/en\/wp-json\/wp\/v2\/product\/10566\/revisions"}],"predecessor-version":[{"id":11358,"href":"https:\/\/onparturi.fi\/en\/wp-json\/wp\/v2\/product\/10566\/revisions\/11358"}],"wp:featuredmedia":[{"embeddable":true,"href":"https:\/\/onparturi.fi\/en\/wp-json\/wp\/v2\/media\/10569"}],"wp:attachment":[{"href":"https:\/\/onparturi.fi\/en\/wp-json\/wp\/v2\/media?parent=10566"}],"wp:term":[{"taxonomy":"product_brand","embeddable":true,"href":"https:\/\/onparturi.fi\/en\/wp-json\/wp\/v2\/product_brand?post=10566"},{"taxonomy":"product_cat","embeddable":true,"href":"https:\/\/onparturi.fi\/en\/wp-json\/wp\/v2\/product_cat?post=10566"},{"taxonomy":"product_tag","embeddable":true,"href":"https:\/\/onparturi.fi\/en\/wp-json\/wp\/v2\/product_tag?post=10566"}],"curies":[{"name":"wp","href":"https:\/\/api.w.org\/{rel}","templated":true}]}}