{"id":10525,"date":"2023-08-02T11:58:55","date_gmt":"2023-08-02T08:58:55","guid":{"rendered":"https:\/\/onparturi.fi\/?post_type=product&#038;p=10525"},"modified":"2024-11-02T14:46:01","modified_gmt":"2024-11-02T12:46:01","slug":"premium-adjustable-safety-razor","status":"publish","type":"product","link":"https:\/\/onparturi.fi\/en\/shop\/parta-viikset\/hoylat-veitset-terat\/premium-adjustable-safety-razor\/","title":{"rendered":"Premium Adjustable Safety Razor"},"content":{"rendered":"<hr \/>\n<blockquote>\n<h2 class=\"product_title entry-title elementor-heading-title elementor-size-default\" style=\"text-align: center;\"><span style=\"color: #000000;\"><a style=\"color: #000000;\" href=\"https:\/\/onparturi.fi\/en\/product-tag\/the-shave-factory\/\">The Shave Factory Premium Adjustable Safety Razor<\/a><\/span><\/h2>\n<\/blockquote>\n<hr \/>\n<blockquote><p>&nbsp;<\/p>\n<p style=\"text-align: center;\">Premium-s\u00e4\u00e4dett\u00e4v\u00e4 turvah\u00f6yl\u00e4 &#8211; ylivertainen ty\u00f6kalu saumattomaan ja tarkkaan parranajokokemukseen. Huolellisesti valmistettu laadukkaista materiaaleista ja tarkasta suunnittelusta, t\u00e4m\u00e4 turvah\u00f6yl\u00e4 tarjoaa vertaansa vailla olevaa suorituskyky\u00e4 ja kest\u00e4vyytt\u00e4.<\/p>\n<h4 style=\"text-align: left;\">\u00a0 \u00a0P\u00e4\u00e4ominaisuudet<\/h4>\n<p style=\"text-align: left;\">&#8211; S\u00e4\u00e4dett\u00e4v\u00e4 ter\u00e4 mahdollistaa r\u00e4\u00e4t\u00e4l\u00f6idyn parranajon<br \/>\n&#8211; Ergonominen muotoilu varmistaa mukavan otteen<br \/>\n&#8211; Valmistettu kest\u00e4v\u00e4st\u00e4 ruostumattomasta ter\u00e4ksest\u00e4<br \/>\n&#8211; V\u00e4hent\u00e4\u00e4 \u00e4rsytyst\u00e4 ja ihon punoitusta<br \/>\n&#8211; Ymp\u00e4rist\u00f6yst\u00e4v\u00e4llinen ja uudelleenk\u00e4ytett\u00e4v\u00e4 vaihtoehto<\/p>\n<p style=\"text-align: left;\">P\u00e4ivit\u00e4 parranajo-rutiinisi Premium-s\u00e4\u00e4dett\u00e4v\u00e4ll\u00e4 turvah\u00f6yl\u00e4ll\u00e4 &#8211; yhdistelm\u00e4 tarkkuutta ja mukavuutta. Sano hyv\u00e4stit keskinkertaisille parranajoille ja omaksu ylivertainen parranajokokemus, joka kest\u00e4\u00e4 pitk\u00e4\u00e4n. Soveltuu kaikille parratyypeille ja ihotyypeille ja toimii my\u00f6s loistavana lahjana parranajon yst\u00e4ville.<\/p>\n<h4>\u00a0 \u00a0 \u00a0 T\u00e4ss\u00e4 on 5 tiivistetty\u00e4 syyt\u00e4 valita Premium Adjustable Safety Razor<\/h4>\n<ol>\n<li>R\u00e4\u00e4t\u00e4l\u00f6ity parranajo: S\u00e4\u00e4d\u00e4 ter\u00e4 juuri sinulle sopivaan asentoon.<\/li>\n<li>Mukava otteen: Ergonominen muotoilu takaa turvallisen otteen.<\/li>\n<li>Pitk\u00e4ik\u00e4inen: Ruostumattomasta ter\u00e4ksest\u00e4 valmistettu, kest\u00e4v\u00e4 rakenne.<\/li>\n<li>Ihoyst\u00e4v\u00e4llinen: V\u00e4hent\u00e4\u00e4 \u00e4rsytyst\u00e4 ja ihon punoitusta.<\/li>\n<li>Ymp\u00e4rist\u00f6yst\u00e4v\u00e4llinen: V\u00e4henn\u00e4 j\u00e4tett\u00e4 uudelleenk\u00e4ytett\u00e4v\u00e4ll\u00e4 h\u00f6yl\u00e4ll\u00e4.<\/li>\n<\/ol>\n<\/blockquote>","protected":false},"excerpt":{"rendered":"<h1>Premium Adjustable Safety Razor<\/h1>\n<p>Koe THE SHAVE FACTORY:n Premium-s\u00e4\u00e4dett\u00e4v\u00e4 turvah\u00f6yl\u00e4. R\u00e4\u00e4t\u00e4l\u00f6i parranajo t\u00e4ll\u00e4 tarkasti valmistetulla h\u00f6yl\u00e4ll\u00e4. Nauti \u00e4rsytt\u00f6m\u00e4st\u00e4 ja tarkasta parranajosta joka kerta.<\/p>","protected":false},"featured_media":10523,"comment_status":"open","ping_status":"closed","template":"","meta":[],"product_brand":[],"product_cat":[222,45],"product_tag":[200],"class_list":{"0":"post-10525","1":"product","2":"type-product","3":"status-publish","4":"has-post-thumbnail","6":"product_cat-hoylat-veitset-terat","7":"product_cat-parta-viikset","8":"product_tag-the-shave-factory","10":"first","11":"outofstock","12":"sale","13":"taxable","14":"shipping-taxable","15":"purchasable","16":"product-type-simple"},"_links":{"self":[{"href":"https:\/\/onparturi.fi\/en\/wp-json\/wp\/v2\/product\/10525","targetHints":{"allow":["GET"]}}],"collection":[{"href":"https:\/\/onparturi.fi\/en\/wp-json\/wp\/v2\/product"}],"about":[{"href":"https:\/\/onparturi.fi\/en\/wp-json\/wp\/v2\/types\/product"}],"replies":[{"embeddable":true,"href":"https:\/\/onparturi.fi\/en\/wp-json\/wp\/v2\/comments?post=10525"}],"version-history":[{"count":2,"href":"https:\/\/onparturi.fi\/en\/wp-json\/wp\/v2\/product\/10525\/revisions"}],"predecessor-version":[{"id":11997,"href":"https:\/\/onparturi.fi\/en\/wp-json\/wp\/v2\/product\/10525\/revisions\/11997"}],"wp:featuredmedia":[{"embeddable":true,"href":"https:\/\/onparturi.fi\/en\/wp-json\/wp\/v2\/media\/10523"}],"wp:attachment":[{"href":"https:\/\/onparturi.fi\/en\/wp-json\/wp\/v2\/media?parent=10525"}],"wp:term":[{"taxonomy":"product_brand","embeddable":true,"href":"https:\/\/onparturi.fi\/en\/wp-json\/wp\/v2\/product_brand?post=10525"},{"taxonomy":"product_cat","embeddable":true,"href":"https:\/\/onparturi.fi\/en\/wp-json\/wp\/v2\/product_cat?post=10525"},{"taxonomy":"product_tag","embeddable":true,"href":"https:\/\/onparturi.fi\/en\/wp-json\/wp\/v2\/product_tag?post=10525"}],"curies":[{"name":"wp","href":"https:\/\/api.w.org\/{rel}","templated":true}]}}