{"id":10485,"date":"2023-07-21T15:33:58","date_gmt":"2023-07-21T12:33:58","guid":{"rendered":"https:\/\/onparturi.fi\/?post_type=product&#038;p=10485"},"modified":"2024-11-11T10:43:33","modified_gmt":"2024-11-11T08:43:33","slug":"the-shave-factory-classic-safety-razor","status":"publish","type":"product","link":"https:\/\/onparturi.fi\/en\/shop\/parta-viikset\/hoylat-veitset-terat\/the-shave-factory-classic-safety-razor\/","title":{"rendered":"Classic Safety Razor"},"content":{"rendered":"<hr \/>\n<blockquote>\n<h2 style=\"text-align: center;\"><span style=\"color: #000000;\"><a style=\"color: #000000;\" href=\"https:\/\/onparturi.fi\/en\/product-tag\/the-shave-factory\/\">The Shave Factory Classic Safety Razor<\/a><\/span><\/h2>\n<\/blockquote>\n<hr \/>\n<blockquote><p>&nbsp;<\/p>\n<p style=\"text-align: center;\">The Shave Factory Classic Safety Razor on suunniteltu tarjoamaan erinomaista parranajokokemusta kaikille miehille. Sen laadukas ja kest\u00e4v\u00e4 rakenne varmistaa, ett\u00e4 se kest\u00e4\u00e4 pitk\u00e4\u00e4n ja tarjoaa aina tehokkaan ajon. Ergonominen muotoilu takaa mukavan otteen, joten parranajo sujuu vaivattomasti ja miellytt\u00e4v\u00e4sti.<\/p>\n<p style=\"text-align: center;\">H\u00f6yl\u00e4n ter\u00e4t ovat helposti vaihdettavissa, mik\u00e4 tekee siit\u00e4 k\u00e4yt\u00e4nn\u00f6llisen ja taloudellisen valinnan. Voit vaihtaa ter\u00e4n tarvittaessa, jolloin et joudu ostamaan kokonaista uutta h\u00f6yl\u00e4\u00e4. T\u00e4m\u00e4 s\u00e4\u00e4st\u00e4\u00e4 rahaa ja ymp\u00e4rist\u00f6\u00e4, mik\u00e4 tekee h\u00f6yl\u00e4st\u00e4 my\u00f6s ymp\u00e4rist\u00f6yst\u00e4v\u00e4llisen vaihtoehdon.<\/p>\n<p style=\"text-align: center;\">H\u00f6yl\u00e4n tarkan ajon ansiosta saat sulavan ja siistin parranajotuloksen. Se liukuu helposti iholla ja poistaa karvat tehokkaasti ja tarkasti. Voit luottaa siihen, ett\u00e4 The Shave Factory Classic Safety Razor antaa sinulle ammattimaisen lopputuloksen aina.<\/p>\n<p style=\"text-align: center;\">Mik\u00e4 tekee t\u00e4st\u00e4 partah\u00f6yl\u00e4st\u00e4 erityisen houkuttelevan, on sen monipuolisuus. Se sopii erinomaisesti niin sile\u00e4n parran kuin tarkkojen viiksien ajamiseen. Voit luoda juuri haluamasi ilmeen helposti ja nopeasti t\u00e4m\u00e4n luotettavan partah\u00f6yl\u00e4n avulla.<\/p>\n<p style=\"text-align: center;\">Kokonaisuudessaan The Shave Factory Classic Safety Razor on huippulaatuinen valinta miehille, jotka haluavat saada parhaan mahdollisen parranajokokemuksen. Se on kest\u00e4v\u00e4, taloudellinen, ja tarjoaa tarkan ajon joka kerta. Satsaa laatuun ja valitse t\u00e4m\u00e4 klassinen partah\u00f6yl\u00e4 osaksi p\u00e4ivitt\u00e4ist\u00e4 parranajo-rutiiniasi.<\/p>\n<h4 style=\"text-align: center;\">Usage Instructions:<\/h4>\n<p style=\"text-align: center;\">Kostuta partakarvat l\u00e4mpim\u00e4ll\u00e4 vedell\u00e4 ja levit\u00e4 partavaahtoa tai partasaippuaa kasvoille. Aseta h\u00f6yl\u00e4n ter\u00e4 varovasti ihon pintaan ja aja partakarvat liikkuvin liikkein. Huuhtele h\u00f6yl\u00e4 s\u00e4\u00e4nn\u00f6llisesti ajon aikana.<\/p>\n<h4 style=\"text-align: center;\">Miksi ostaa<\/h4>\n<p style=\"text-align: center;\">The Shave Factory Classic Safety Razor tarjoaa laadukkaan ja miellytt\u00e4v\u00e4n parranajokokemuksen. Sen tarkka muotoilu ja vaihdettavat ter\u00e4t tekev\u00e4t ajamisesta helppoa ja tehokasta. Lis\u00e4ksi se on kest\u00e4v\u00e4 ja pitk\u00e4ik\u00e4inen valinta, joka s\u00e4\u00e4st\u00e4\u00e4 aikaa ja rahaa<\/p>\n<\/blockquote>","protected":false},"excerpt":{"rendered":"<p>The Shave Factory Classic Safety Razor on laadukas partah\u00f6yl\u00e4, joka tarjoaa tarkan ja sulavan ajon. H\u00f6yl\u00e4 on valmistettu kest\u00e4vist\u00e4 materiaaleista ja sen ergonominen muotoilu takaa mukavan otteen. Ter\u00e4t ovat helposti vaihdettavissa, mik\u00e4 tekee h\u00f6yl\u00e4n k\u00e4yt\u00f6st\u00e4 vaivatonta ja taloudellista.<\/p>","protected":false},"featured_media":10486,"comment_status":"open","ping_status":"closed","template":"","meta":[],"product_brand":[],"product_cat":[222,45],"product_tag":[200],"class_list":{"0":"post-10485","1":"product","2":"type-product","3":"status-publish","4":"has-post-thumbnail","6":"product_cat-hoylat-veitset-terat","7":"product_cat-parta-viikset","8":"product_tag-the-shave-factory","10":"first","11":"outofstock","12":"taxable","13":"shipping-taxable","14":"purchasable","15":"product-type-simple"},"_links":{"self":[{"href":"https:\/\/onparturi.fi\/en\/wp-json\/wp\/v2\/product\/10485","targetHints":{"allow":["GET"]}}],"collection":[{"href":"https:\/\/onparturi.fi\/en\/wp-json\/wp\/v2\/product"}],"about":[{"href":"https:\/\/onparturi.fi\/en\/wp-json\/wp\/v2\/types\/product"}],"replies":[{"embeddable":true,"href":"https:\/\/onparturi.fi\/en\/wp-json\/wp\/v2\/comments?post=10485"}],"version-history":[{"count":4,"href":"https:\/\/onparturi.fi\/en\/wp-json\/wp\/v2\/product\/10485\/revisions"}],"predecessor-version":[{"id":11995,"href":"https:\/\/onparturi.fi\/en\/wp-json\/wp\/v2\/product\/10485\/revisions\/11995"}],"wp:featuredmedia":[{"embeddable":true,"href":"https:\/\/onparturi.fi\/en\/wp-json\/wp\/v2\/media\/10486"}],"wp:attachment":[{"href":"https:\/\/onparturi.fi\/en\/wp-json\/wp\/v2\/media?parent=10485"}],"wp:term":[{"taxonomy":"product_brand","embeddable":true,"href":"https:\/\/onparturi.fi\/en\/wp-json\/wp\/v2\/product_brand?post=10485"},{"taxonomy":"product_cat","embeddable":true,"href":"https:\/\/onparturi.fi\/en\/wp-json\/wp\/v2\/product_cat?post=10485"},{"taxonomy":"product_tag","embeddable":true,"href":"https:\/\/onparturi.fi\/en\/wp-json\/wp\/v2\/product_tag?post=10485"}],"curies":[{"name":"wp","href":"https:\/\/api.w.org\/{rel}","templated":true}]}}