{"id":10466,"date":"2023-07-20T17:04:25","date_gmt":"2023-07-20T14:04:25","guid":{"rendered":"https:\/\/onparturi.fi\/?post_type=product&#038;p=10466"},"modified":"2026-04-12T12:04:40","modified_gmt":"2026-04-12T09:04:40","slug":"sandalwood-beard-oil","status":"publish","type":"product","link":"https:\/\/onparturi.fi\/en\/shop\/parta-viikset\/partaoljy\/sandalwood-beard-oil\/","title":{"rendered":"The Shave Factory Sandalwood Beard Oil 30ml-75ml"},"content":{"rendered":"<hr \/>\n<blockquote>\n<h2 style=\"text-align: center;\">Sandalwood Beard Oil<\/h2>\n<\/blockquote>\n<hr \/>\n<p>&nbsp;<\/p>\n<blockquote>\n<p style=\"text-align: left;\">Sandalwood Beard Oil on huippulaadukas parta\u00f6ljy, saatavilla kahdessa eri koossa: 30 ml ja 75 ml. T\u00e4m\u00e4 ainutlaatuinen parta\u00f6ljy sis\u00e4lt\u00e4\u00e4 korkealaatuisia luonnollisia ainesosia, kuten santelipuun \u00f6ljy\u00e4, joka pehment\u00e4\u00e4, kosteuttaa ja ravitsee partakarvat tehokkaasti. Sen rikas koostumus auttaa torjumaan partojen kuivuutta, kutinaa ja hilseily\u00e4, j\u00e4tt\u00e4en ne terveen ja hoidetun n\u00e4k\u00f6isiksi.<\/p>\n<p style=\"text-align: left;\">T\u00e4m\u00e4 huippulaadukas parta\u00f6ljy tarjoaa monia etuja partakarvoillesi. Sen korkealaatuiset luonnolliset ainesosat hoitavat partoja syv\u00e4lt\u00e4 ja auttavat vahvistamaan niit\u00e4. .<\/p>\n<p style=\"text-align: left;\">Pid\u00e4 partakarvasi tervein\u00e4, ravittuina ja hyvin hoidettuina<a href=\"https:\/\/onparturi.fi\/en\/product-tag\/the-shave-factory\/\"> The Shave Factory<\/a> Sandalwood Beard Oilin avulla. Valitse t\u00e4m\u00e4 ainutlaatuinen parta\u00f6ljy ja nauti t\u00e4ydellisesti hoidetuista ja tuoksuvista partakarvoista.<\/p>\n<h4 style=\"text-align: left;\">Usage Instructions:<\/h4>\n<ol>\n<li>Tiputa muutama tippa parta\u00f6ljy\u00e4 k\u00e4mmenellesi.<\/li>\n<li>Hiero k\u00e4si\u00e4si yhteen ja levit\u00e4 \u00f6ljy tasaisesti partakarvoihin ja hiuspohjaan.<\/li>\n<li>Hiero varovasti partakarvoja, jotta \u00f6ljy imeytyy hyvin ja pehment\u00e4\u00e4 karvat.<\/li>\n<li>K\u00e4yt\u00e4 p\u00e4ivitt\u00e4in tai tarpeen mukaan pit\u00e4m\u00e4\u00e4n partakarvat huolitellun ja hoidetun n\u00e4k\u00f6isin\u00e4.<\/li>\n<\/ol>\n<p style=\"text-align: left;\">\n<\/blockquote>","protected":false},"excerpt":{"rendered":"<h2 style=\"text-align: center;\">The Shave Factory Sandalwood Beard Oil<\/h2>\n<p>on huippulaadukas parta\u00f6ljy, saatavilla kahdessa eri koossa: 30 ml ja 75 ml. T\u00e4m\u00e4 ainutlaatuinen parta\u00f6ljy sis\u00e4lt\u00e4\u00e4 korkealaatuisia luonnollisia ainesosia, kuten santelipuun \u00f6ljy\u00e4, joka pehment\u00e4\u00e4, kosteuttaa ja ravitsee partakarvat tehokkaasti. Sen rikas koostumus auttaa torjumaan partojen kuivuutta, kutinaa ja hilseily\u00e4, j\u00e4tt\u00e4en ne terveen ja hoidetun n\u00e4k\u00f6isiksi.<\/p>","protected":false},"featured_media":10467,"comment_status":"open","ping_status":"closed","template":"","meta":[],"product_brand":[],"product_cat":[207,45],"product_tag":[200],"class_list":{"0":"post-10466","1":"product","2":"type-product","3":"status-publish","4":"has-post-thumbnail","6":"product_cat-partaoljy","7":"product_cat-parta-viikset","8":"product_tag-the-shave-factory","10":"first","11":"instock","12":"sale","13":"taxable","14":"shipping-taxable","15":"purchasable","16":"product-type-variable"},"_links":{"self":[{"href":"https:\/\/onparturi.fi\/en\/wp-json\/wp\/v2\/product\/10466","targetHints":{"allow":["GET"]}}],"collection":[{"href":"https:\/\/onparturi.fi\/en\/wp-json\/wp\/v2\/product"}],"about":[{"href":"https:\/\/onparturi.fi\/en\/wp-json\/wp\/v2\/types\/product"}],"replies":[{"embeddable":true,"href":"https:\/\/onparturi.fi\/en\/wp-json\/wp\/v2\/comments?post=10466"}],"version-history":[{"count":2,"href":"https:\/\/onparturi.fi\/en\/wp-json\/wp\/v2\/product\/10466\/revisions"}],"predecessor-version":[{"id":12790,"href":"https:\/\/onparturi.fi\/en\/wp-json\/wp\/v2\/product\/10466\/revisions\/12790"}],"wp:featuredmedia":[{"embeddable":true,"href":"https:\/\/onparturi.fi\/en\/wp-json\/wp\/v2\/media\/10467"}],"wp:attachment":[{"href":"https:\/\/onparturi.fi\/en\/wp-json\/wp\/v2\/media?parent=10466"}],"wp:term":[{"taxonomy":"product_brand","embeddable":true,"href":"https:\/\/onparturi.fi\/en\/wp-json\/wp\/v2\/product_brand?post=10466"},{"taxonomy":"product_cat","embeddable":true,"href":"https:\/\/onparturi.fi\/en\/wp-json\/wp\/v2\/product_cat?post=10466"},{"taxonomy":"product_tag","embeddable":true,"href":"https:\/\/onparturi.fi\/en\/wp-json\/wp\/v2\/product_tag?post=10466"}],"curies":[{"name":"wp","href":"https:\/\/api.w.org\/{rel}","templated":true}]}}