{"id":10448,"date":"2023-07-20T14:02:00","date_gmt":"2023-07-20T11:02:00","guid":{"rendered":"https:\/\/onparturi.fi\/?post_type=product&#038;p=10448"},"modified":"2026-04-18T21:27:41","modified_gmt":"2026-04-18T18:27:41","slug":"hair-building-fiber-21g","status":"publish","type":"product","link":"https:\/\/onparturi.fi\/en\/shop\/hiustuotteet\/hair-building-fiber-21g\/","title":{"rendered":"Hair Building Fiber 21g"},"content":{"rendered":"<hr \/>\n<blockquote>\n<h2 style=\"text-align: center;\">Hair Building Fiber<\/h2>\n<\/blockquote>\n<hr \/>\n<p>&nbsp;<\/p>\n<blockquote>\n<p style=\"text-align: left;\"><a href=\"https:\/\/onparturi.fi\/en\/product-tag\/the-shave-factory\/\">The Shave Factory<\/a> Hair Building Fiber 21g on huippuluokan hiuskuitutuote, joka tulee nelj\u00e4ss\u00e4 s\u00e4vyss\u00e4: Musta, Vaaleanruskea, Tummanruskea ja Ruskea. T\u00e4m\u00e4 korkealaatuinen tuote auttaa luomaan t\u00e4ytel\u00e4isen ja luonnollisen n\u00e4k\u00f6isen kampauksen. Sen vahva pito takaa, ett\u00e4 kampauksesi pysyy moitteettomana koko p\u00e4iv\u00e4n ajan, riippumatta s\u00e4\u00e4olosuhteista tai aktiivisuudestasi. Voit valita itsellesi sopivan s\u00e4vyn helposti, jolloin voit luoda t\u00e4ysin mukautetun lookin, joka sopii juuri sinulle.<\/p>\n<p style=\"text-align: left;\">T\u00e4m\u00e4 hiuskuitutuote on suunniteltu antamaan hiuksillesi luonnollista volyymia ja tekstuuria, jotta ne n\u00e4ytt\u00e4v\u00e4t t\u00e4ytel\u00e4isilt\u00e4 ja elinvoimaisilta. Hair Building Fiber auttaa peitt\u00e4m\u00e4\u00e4n ohuet hiukset ja hiuspohjan kaljuuntumisen vaivatta, mik\u00e4 tekee siit\u00e4 erinomaisen valinnan henkil\u00f6ille, joilla on ohuet hiukset tai jotka haluavat luoda t\u00e4ytel\u00e4isen vaikutelman hiuksiinsa.<\/p>\n<p style=\"text-align: left;\">Tuotteen k\u00e4ytt\u00f6 on vaivatonta. Levit\u00e4 pieni m\u00e4\u00e4r\u00e4\u00a0 ja levit\u00e4 ne tasaisesti hiuspohjaan. Voit muotoilla hiukset haluamallasi tavalla ja nauttia t\u00e4ytel\u00e4isest\u00e4 ja luonnollisen n\u00e4k\u00f6isest\u00e4 kampauksesta, joka kest\u00e4\u00e4 koko p\u00e4iv\u00e4n. Hair Building Fiber tarjoaa erinomaisen pidon, mutta samalla se on helppo pest\u00e4 pois shampoolla.<\/p>\n<p style=\"text-align: left;\">\n<h4 style=\"text-align: left;\"><\/h4>\n<p style=\"text-align: left;\">\n<\/blockquote>","protected":false},"excerpt":{"rendered":"<h2>The Shave Factory Hair Building Fiber 21g<\/h2>\n<p>on huippuluokan hiuskuitutuote, joka tulee nelj\u00e4ss\u00e4 s\u00e4vyss\u00e4: Voit valita itsellesi sopivan s\u00e4vyn ja peitt\u00e4\u00e4 ohuet hiukset ja hiuspohjan kaljuuntumisen vaivatta.<\/p>","protected":false},"featured_media":10450,"comment_status":"open","ping_status":"closed","template":"","meta":[],"product_brand":[],"product_cat":[197],"product_tag":[200],"class_list":{"0":"post-10448","1":"product","2":"type-product","3":"status-publish","4":"has-post-thumbnail","6":"product_cat-hiustuotteet","7":"product_tag-the-shave-factory","9":"first","10":"instock","11":"taxable","12":"shipping-taxable","13":"purchasable","14":"product-type-variable"},"_links":{"self":[{"href":"https:\/\/onparturi.fi\/en\/wp-json\/wp\/v2\/product\/10448","targetHints":{"allow":["GET"]}}],"collection":[{"href":"https:\/\/onparturi.fi\/en\/wp-json\/wp\/v2\/product"}],"about":[{"href":"https:\/\/onparturi.fi\/en\/wp-json\/wp\/v2\/types\/product"}],"replies":[{"embeddable":true,"href":"https:\/\/onparturi.fi\/en\/wp-json\/wp\/v2\/comments?post=10448"}],"version-history":[{"count":1,"href":"https:\/\/onparturi.fi\/en\/wp-json\/wp\/v2\/product\/10448\/revisions"}],"predecessor-version":[{"id":10776,"href":"https:\/\/onparturi.fi\/en\/wp-json\/wp\/v2\/product\/10448\/revisions\/10776"}],"wp:featuredmedia":[{"embeddable":true,"href":"https:\/\/onparturi.fi\/en\/wp-json\/wp\/v2\/media\/10450"}],"wp:attachment":[{"href":"https:\/\/onparturi.fi\/en\/wp-json\/wp\/v2\/media?parent=10448"}],"wp:term":[{"taxonomy":"product_brand","embeddable":true,"href":"https:\/\/onparturi.fi\/en\/wp-json\/wp\/v2\/product_brand?post=10448"},{"taxonomy":"product_cat","embeddable":true,"href":"https:\/\/onparturi.fi\/en\/wp-json\/wp\/v2\/product_cat?post=10448"},{"taxonomy":"product_tag","embeddable":true,"href":"https:\/\/onparturi.fi\/en\/wp-json\/wp\/v2\/product_tag?post=10448"}],"curies":[{"name":"wp","href":"https:\/\/api.w.org\/{rel}","templated":true}]}}