{"id":10445,"date":"2023-07-20T13:25:27","date_gmt":"2023-07-20T10:25:27","guid":{"rendered":"https:\/\/onparturi.fi\/?post_type=product&#038;p=10445"},"modified":"2024-01-22T00:19:25","modified_gmt":"2024-01-21T22:19:25","slug":"styling-powder","status":"publish","type":"product","link":"https:\/\/onparturi.fi\/en\/shop\/hiustuotteet\/hiusjauhe\/styling-powder\/","title":{"rendered":"The Shave Factory Hair Styling Powder 30g Strong"},"content":{"rendered":"<hr \/>\n<blockquote>\n<h2 style=\"text-align: center;\"><span style=\"color: #000000;\"><a style=\"color: #000000;\" href=\"https:\/\/onparturi.fi\/en\/product-tag\/the-shave-factory\/\">Hair Styling Powder strong<\/a><\/span><\/h2>\n<\/blockquote>\n<hr \/>\n<p>&nbsp;<\/p>\n<blockquote>\n<p style=\"text-align: left;\">Hold tarjoaa huippuluokan muotoilumahdollisuudet vahvalla pidolla. T\u00e4m\u00e4 korkealaatuinen hiusten muotoilujauhe mahdollistaa monipuolisten kampausten luomisen pitk\u00e4kestoisen tuen avulla. Kevyt koostumus lis\u00e4\u00e4 volyymia ja tekstuuria ilman hiusten latistumista. Helppo levitt\u00e4\u00e4 ja muotoilla hiuksiin, joten voit saavuttaa haluamasi tyylin vaivattomasti. Hanki t\u00e4ydellinen kampaus, joka pysyy koko p\u00e4iv\u00e4n ajan The Shave Factory Hair Styling <a href=\"https:\/\/onparturi.fi\/en\/product-category\/hiustuotteet\/hiusjauhe\/\">Powder<\/a> 30g Strong Holdin avulla.<\/p>\n<h4 style=\"text-align: left;\">Usage Instructions:<\/h4>\n<ol style=\"text-align: left;\">\n<li>Ravista jauhepulloa kevyesti ennen k\u00e4ytt\u00f6\u00e4.<\/li>\n<li>Ripottele pieni m\u00e4\u00e4r\u00e4 jauhetta k\u00e4siisi.<\/li>\n<li>Hiero k\u00e4si\u00e4 yhteen, jolloin jauhe aktivoituu ja l\u00e4mpenee.<\/li>\n<li>Levit\u00e4 jauhe tasaisesti kuiviin hiuksiin juurista latvoihin.<\/li>\n<li>Muotoile hiukset haluamallasi tavalla ja nauti vahvasta pidosta ja tekstuurista.<\/li>\n<\/ol>\n<h4 style=\"text-align: left;\">Why Buy<\/h4>\n<p style=\"text-align: left;\">The Shave Factory Hair Styling Powder 30g Strong Hold tarjoaa huippuluokan muotoilumahdollisuudet vahvalla pidolla. Jauhe lis\u00e4\u00e4 volyymia ja tekstuuria, antaen hiuksille luonnollista nostetta ja ilmavuutta. Sen pitk\u00e4kestoinen tuki takaa kampauksen pysyv\u00e4n halutussa muodossa koko p\u00e4iv\u00e4n ajan. Sopii t\u00e4ydellisesti eri tyyleihin ja on helppo levitt\u00e4\u00e4 hiuksiin. Ota haltuun t\u00e4m\u00e4 laadukas hiusten muotoilujauhe ja nauti upeasta kampauksesta!<\/p>\n<\/blockquote>","protected":false},"excerpt":{"rendered":"<p>The Shave Factory Hair Styling Powder 30g Strong Hold antaa vahvan pidon ja tekstuurin hiuksille. Luo t\u00e4ydellinen kampaus, joka kest\u00e4\u00e4 koko p\u00e4iv\u00e4n. Kokeile nyt<\/p>","protected":false},"featured_media":10447,"comment_status":"open","ping_status":"closed","template":"","meta":[],"product_brand":[],"product_cat":[214,61,197],"product_tag":[200],"class_list":{"0":"post-10445","1":"product","2":"type-product","3":"status-publish","4":"has-post-thumbnail","6":"product_cat-hiusjauhe","7":"product_cat-hiusgeelit-ja-vahat","8":"product_cat-hiustuotteet","9":"product_tag-the-shave-factory","11":"first","12":"outofstock","13":"taxable","14":"shipping-taxable","15":"purchasable","16":"product-type-simple"},"_links":{"self":[{"href":"https:\/\/onparturi.fi\/en\/wp-json\/wp\/v2\/product\/10445","targetHints":{"allow":["GET"]}}],"collection":[{"href":"https:\/\/onparturi.fi\/en\/wp-json\/wp\/v2\/product"}],"about":[{"href":"https:\/\/onparturi.fi\/en\/wp-json\/wp\/v2\/types\/product"}],"replies":[{"embeddable":true,"href":"https:\/\/onparturi.fi\/en\/wp-json\/wp\/v2\/comments?post=10445"}],"version-history":[{"count":3,"href":"https:\/\/onparturi.fi\/en\/wp-json\/wp\/v2\/product\/10445\/revisions"}],"predecessor-version":[{"id":11558,"href":"https:\/\/onparturi.fi\/en\/wp-json\/wp\/v2\/product\/10445\/revisions\/11558"}],"wp:featuredmedia":[{"embeddable":true,"href":"https:\/\/onparturi.fi\/en\/wp-json\/wp\/v2\/media\/10447"}],"wp:attachment":[{"href":"https:\/\/onparturi.fi\/en\/wp-json\/wp\/v2\/media?parent=10445"}],"wp:term":[{"taxonomy":"product_brand","embeddable":true,"href":"https:\/\/onparturi.fi\/en\/wp-json\/wp\/v2\/product_brand?post=10445"},{"taxonomy":"product_cat","embeddable":true,"href":"https:\/\/onparturi.fi\/en\/wp-json\/wp\/v2\/product_cat?post=10445"},{"taxonomy":"product_tag","embeddable":true,"href":"https:\/\/onparturi.fi\/en\/wp-json\/wp\/v2\/product_tag?post=10445"}],"curies":[{"name":"wp","href":"https:\/\/api.w.org\/{rel}","templated":true}]}}