{"id":10428,"date":"2023-07-20T12:26:01","date_gmt":"2023-07-20T09:26:01","guid":{"rendered":"https:\/\/onparturi.fi\/?post_type=product&#038;p=10428"},"modified":"2024-11-11T15:54:45","modified_gmt":"2024-11-11T13:54:45","slug":"the-shave-factory-kovavaha-karvojen-poistoon-500gr","status":"publish","type":"product","link":"https:\/\/onparturi.fi\/en\/shop\/hiustuotteet\/hoitoaineet\/the-shave-factory-kovavaha-karvojen-poistoon-500gr\/","title":{"rendered":"The Shave Factory Kovavaha karvojen poistoon 500gr"},"content":{"rendered":"<hr \/>\n<blockquote>\n<h2 style=\"text-align: center;\">Kovavaha karvojen poistoon<\/h2>\n<\/blockquote>\n<hr \/>\n<p>&nbsp;<\/p>\n<blockquote>\n<p style=\"text-align: left;\">Tehokas ja helppok\u00e4ytt\u00f6inen kovavaha, joka tarjoaa tehokkaan karvanpoiston tuloksen. N\u00e4m\u00e4 korkealaatuiset vahapavut ovat suunniteltu erityisesti vartalon ja kasvojen karvojen poistoon. Kovavahan koostumus tarttuu tehokkaasti karvoihin ja juuriin, poistaen ne juurta my\u00f6ten ilman tarvetta vahaliuskoille. Sen ainutlaatuinen koostumus takaa hell\u00e4varaisen ja v\u00e4hemm\u00e4n kivuliaan karvanpoiston kokemuksen. Voit luottaa The Shave Factory Hard Wax Beansiin saadaksesi sile\u00e4n ja kest\u00e4v\u00e4n lopputuloksen.<\/p>\n<h4 style=\"text-align: left;\">Usage Instructions:<\/h4>\n<ol style=\"text-align: left;\">\n<li>Sulata The Shave Factory Hard Wax Beans vaha-astian tai l\u00e4mp\u00f6vahanl\u00e4mmittimen avulla, kunnes se on nestem\u00e4ist\u00e4 ja helposti levitett\u00e4v\u00e4\u00e4.<\/li>\n<li>Puhdista ja kuivaa ihon alue, jolta haluat poistaa karvat.<\/li>\n<li>Levit\u00e4 sulanut vaha ohuelti halutulle alueelle karvojen kasvusuuntaan.<\/li>\n<li>Anna vahan j\u00e4\u00e4hty\u00e4 muutaman sekunnin ajan, jolloin se kovettuu.<\/li>\n<li>Irrota kovettunut vaha nopealla nyk\u00e4isyll\u00e4 vastakarvaan karvojen poistosuuntaan.<\/li>\n<li>Toista tarvittaessa, kunnes olet poistanut kaikki halutut karvat.<\/li>\n<li>Puhdista iho ylim\u00e4\u00e4r\u00e4isest\u00e4 vahasta ja levit\u00e4 rauhoittavaa vahaa j\u00e4lkeenp\u00e4in.<\/li>\n<\/ol>\n<h4 style=\"text-align: left;\">Why Buy<\/h4>\n<p style=\"text-align: left;\">The Shave Factory Hard Wax Beans on loistava valinta, kun haluat helpon ja tehokkaan tavan poistaa ei-toivottuja karvoja. Kovavaha tarjoaa pitk\u00e4kestoisen ja sile\u00e4n lopputuloksen ilman tarvetta vahaliuskoille. Sen hell\u00e4varainen koostumus sopii erinomaisesti herk\u00e4lle iholle, v\u00e4hent\u00e4en kivun tunnetta karvanpoiston aikana. Osta nyt ja nauti sile\u00e4st\u00e4 ja karvattomasta ihosta The Shave Factory Hard Wax Beansin avulla.<\/p>\n<\/blockquote>","protected":false},"excerpt":{"rendered":"<p>The Shave Factory Hard Wax Beans &#8211; Tehokas kovavaha karvojen poistoon. Helppo ja kest\u00e4v\u00e4 lopputulos. Kokeile nyt<\/p>","protected":false},"featured_media":10429,"comment_status":"open","ping_status":"closed","template":"","meta":[],"product_brand":[],"product_cat":[56,45],"product_tag":[200],"class_list":{"0":"post-10428","1":"product","2":"type-product","3":"status-publish","4":"has-post-thumbnail","6":"product_cat-hoitoaineet","7":"product_cat-parta-viikset","8":"product_tag-the-shave-factory","10":"first","11":"outofstock","12":"sale","13":"taxable","14":"shipping-taxable","15":"purchasable","16":"product-type-variable"},"_links":{"self":[{"href":"https:\/\/onparturi.fi\/en\/wp-json\/wp\/v2\/product\/10428","targetHints":{"allow":["GET"]}}],"collection":[{"href":"https:\/\/onparturi.fi\/en\/wp-json\/wp\/v2\/product"}],"about":[{"href":"https:\/\/onparturi.fi\/en\/wp-json\/wp\/v2\/types\/product"}],"replies":[{"embeddable":true,"href":"https:\/\/onparturi.fi\/en\/wp-json\/wp\/v2\/comments?post=10428"}],"version-history":[{"count":2,"href":"https:\/\/onparturi.fi\/en\/wp-json\/wp\/v2\/product\/10428\/revisions"}],"predecessor-version":[{"id":12845,"href":"https:\/\/onparturi.fi\/en\/wp-json\/wp\/v2\/product\/10428\/revisions\/12845"}],"wp:featuredmedia":[{"embeddable":true,"href":"https:\/\/onparturi.fi\/en\/wp-json\/wp\/v2\/media\/10429"}],"wp:attachment":[{"href":"https:\/\/onparturi.fi\/en\/wp-json\/wp\/v2\/media?parent=10428"}],"wp:term":[{"taxonomy":"product_brand","embeddable":true,"href":"https:\/\/onparturi.fi\/en\/wp-json\/wp\/v2\/product_brand?post=10428"},{"taxonomy":"product_cat","embeddable":true,"href":"https:\/\/onparturi.fi\/en\/wp-json\/wp\/v2\/product_cat?post=10428"},{"taxonomy":"product_tag","embeddable":true,"href":"https:\/\/onparturi.fi\/en\/wp-json\/wp\/v2\/product_tag?post=10428"}],"curies":[{"name":"wp","href":"https:\/\/api.w.org\/{rel}","templated":true}]}}