{"id":10418,"date":"2023-07-20T11:32:44","date_gmt":"2023-07-20T08:32:44","guid":{"rendered":"https:\/\/onparturi.fi\/?post_type=product&#038;p=10418"},"modified":"2026-04-21T15:43:48","modified_gmt":"2026-04-21T12:43:48","slug":"shaving-gel","status":"publish","type":"product","link":"https:\/\/onparturi.fi\/en\/shop\/parta-viikset\/shaving-gel\/","title":{"rendered":"The Shave Factory Shaving Gel 500ml"},"content":{"rendered":"<hr \/>\n<h2 style=\"text-align: center;\">Shaving Gel<\/h2>\n<hr \/>\n<p>&nbsp;<\/p>\n<blockquote>\n<p style=\"text-align: left;\">Astuppa sis\u00e4\u00e4n ajelun t\u00e4ydellisyyden maailmaan <a href=\"https:\/\/onparturi.fi\/en\/product-tag\/the-shave-factory\/\">The Shave Factory<\/a> Shaving Gel &#8211; 500 ml:n avulla. T\u00e4m\u00e4 korkealaatuinen ajogeeli on suunniteltu tarjoamaan sulava ja tarkka ajelu, joka takaa virkist\u00e4v\u00e4n ja \u00e4rsytysvapaan groomauskokemuksen. Sen kosteuttavat ominaisuudet ja runsas vaahto auttavat suojaamaan ja ravitsemaan ihoasi, j\u00e4tt\u00e4en sen pehme\u00e4ksi ja joustavaksi. Nosta ajelurutiinisi uudelle tasolle ja saavuta moitteeton lopputulos. Tutustu nyt ja uppoudu tarkan ajelun taiteeseen.<\/p>\n<h4 style=\"text-align: left;\">How to Use:<\/h4>\n<\/blockquote>\n<div class=\"flex-1 overflow-hidden\">\n<div class=\"react-scroll-to-bottom--css-cvpjx-79elbk h-full dark:bg-gray-800\">\n<div class=\"react-scroll-to-bottom--css-cvpjx-1n7m0yu\">\n<div class=\"flex flex-col text-sm dark:bg-gray-800\">\n<div class=\"group w-full text-gray-800 dark:text-gray-100 border-b border-black\/10 dark:border-gray-900\/50 bg-gray-50 dark:bg-[#444654]\">\n<div class=\"flex p-4 gap-4 text-base md:gap-6 md:max-w-2xl lg:max-w-[38rem] xl:max-w-3xl md:py-6 lg:px-0 m-auto\">\n<div class=\"relative flex w-[calc(100%-50px)] flex-col gap-1 md:gap-3 lg:w-[calc(100%-115px)]\">\n<blockquote>\n<div class=\"flex flex-grow flex-col gap-3\">\n<div class=\"min-h-[20px] flex items-start overflow-x-auto whitespace-pre-wrap break-words flex-col gap-4\">\n<div class=\"markdown prose w-full break-words dark:prose-invert light\">\n<ol>\n<li>Pese kasvot l\u00e4mpim\u00e4ll\u00e4 vedell\u00e4 ja kuivaa ne kevyesti pyyhkeell\u00e4.<\/li>\n<li>Ota riitt\u00e4v\u00e4 m\u00e4\u00e4r\u00e4 The Shave Factory Shaving Gel -geeli\u00e4 k\u00e4mmenellesi.<\/li>\n<li>Levit\u00e4 geeli kostealle iholle tasaisesti partater\u00e4n kohdalle.<\/li>\n<li>Aloita ajelu partater\u00e4\u00e4 liu&#8217;uttamalla hiusten kasvusuunnassa pienin ja kevyin vedoin.<\/li>\n<li>Huuhtele partater\u00e4 s\u00e4\u00e4nn\u00f6llisesti l\u00e4mpim\u00e4ll\u00e4 vedell\u00e4 poistaaksesi geelin j\u00e4\u00e4m\u00e4t.<\/li>\n<li>Kun ajelu on valmis, huuhtele iho huolellisesti viile\u00e4ll\u00e4 vedell\u00e4 ja taputtele se kuivaksi.<\/li>\n<li>Levit\u00e4 kosteuttavaa after-shave voidetta tai balmia rauhoittaaksesi ihoa ja v\u00e4hent\u00e4\u00e4ksesi punoitusta.<\/li>\n<\/ol>\n<p>&nbsp;<\/p>\n<h4>Why Buy<\/h4>\n<p>tarjoaa sinulle sulavan ja \u00e4rsytysvapaan ajelun, joka takaa virkist\u00e4v\u00e4n groomauskokemuksen. Sen kosteuttavat ominaisuudet auttavat suojaamaan ja ravitsemaan ihoa, j\u00e4tt\u00e4en sen pehme\u00e4ksi ja joustavaksi jokaisen ajelun j\u00e4lkeen. Nosta ajelurutiinisi uudelle tasolle ja saavuta moitteeton lopputulos joka kerta. Se on ihanteellinen valinta tarkkaan ajeluun ja sulavan groomauksen yst\u00e4ville. Hanki omasi nyt ja koe tarkan ajelun taika.<\/p>\n<\/div>\n<\/div>\n<\/div>\n<\/blockquote>\n<div class=\"flex justify-between lg:block\">\n<div class=\"text-gray-400 flex self-end lg:self-center justify-center mt-2 gap-2 md:gap-3 lg:gap-1 lg:absolute lg:top-0 lg:translate-x-full lg:right-0 lg:mt-0 lg:pl-2 visible\">\n<blockquote>\n<p style=\"text-align: left;\">\n<\/blockquote>\n<div class=\"flex gap-1\"><\/div>\n<\/div>\n<\/div>\n<\/div>\n<\/div>\n<\/div>\n<div class=\"h-32 md:h-48 flex-shrink-0\"><\/div>\n<\/div>\n<p>&nbsp;<\/p>\n<\/div>\n<\/div>\n<\/div>\n<div class=\"absolute bottom-0 left-0 w-full border-t md:border-t-0 dark:border-white\/20 md:border-transparent md:dark:border-transparent md:bg-vert-light-gradient bg-white dark:bg-gray-800 md:!bg-transparent dark:md:bg-vert-dark-gradient pt-2 md:pl-2 md:w-[calc(100%-.5rem)]\">\n<form class=\"stretch mx-2 flex flex-row gap-3 last:mb-2 md:mx-4 md:last:mb-6 lg:mx-auto lg:max-w-2xl xl:max-w-3xl\" action=\"\">\n<div class=\"relative flex h-full flex-1 items-stretch md:flex-col\" role=\"presentation\">\n<div class=\"\">\n<div class=\"h-full flex ml-1 md:w-full md:m-auto md:mb-2 gap-0 md:gap-2 justify-center\"><\/div>\n<\/div>\n<\/div>\n<input type=\"hidden\" name=\"trp-form-language\" value=\"en\"\/><\/form>\n<\/div>","protected":false},"excerpt":{"rendered":"<h2 style=\"text-align: center;\">The Shave Factory Shaving Gel 500ml<\/h2>\n<p>Koe sulava ja \u00e4rsytysvapaa ajelu The Shave Factory Shaving Gel &#8211; 500 ml -tuotteella. Nosta ajelurutiinisi uudelle tasolle. Osta nyt<\/p>","protected":false},"featured_media":10419,"comment_status":"open","ping_status":"closed","template":"","meta":[],"product_brand":[],"product_cat":[45],"product_tag":[200],"class_list":{"0":"post-10418","1":"product","2":"type-product","3":"status-publish","4":"has-post-thumbnail","6":"product_cat-parta-viikset","7":"product_tag-the-shave-factory","9":"first","10":"instock","11":"taxable","12":"shipping-taxable","13":"purchasable","14":"product-type-simple"},"_links":{"self":[{"href":"https:\/\/onparturi.fi\/en\/wp-json\/wp\/v2\/product\/10418","targetHints":{"allow":["GET"]}}],"collection":[{"href":"https:\/\/onparturi.fi\/en\/wp-json\/wp\/v2\/product"}],"about":[{"href":"https:\/\/onparturi.fi\/en\/wp-json\/wp\/v2\/types\/product"}],"replies":[{"embeddable":true,"href":"https:\/\/onparturi.fi\/en\/wp-json\/wp\/v2\/comments?post=10418"}],"version-history":[{"count":2,"href":"https:\/\/onparturi.fi\/en\/wp-json\/wp\/v2\/product\/10418\/revisions"}],"predecessor-version":[{"id":11277,"href":"https:\/\/onparturi.fi\/en\/wp-json\/wp\/v2\/product\/10418\/revisions\/11277"}],"wp:featuredmedia":[{"embeddable":true,"href":"https:\/\/onparturi.fi\/en\/wp-json\/wp\/v2\/media\/10419"}],"wp:attachment":[{"href":"https:\/\/onparturi.fi\/en\/wp-json\/wp\/v2\/media?parent=10418"}],"wp:term":[{"taxonomy":"product_brand","embeddable":true,"href":"https:\/\/onparturi.fi\/en\/wp-json\/wp\/v2\/product_brand?post=10418"},{"taxonomy":"product_cat","embeddable":true,"href":"https:\/\/onparturi.fi\/en\/wp-json\/wp\/v2\/product_cat?post=10418"},{"taxonomy":"product_tag","embeddable":true,"href":"https:\/\/onparturi.fi\/en\/wp-json\/wp\/v2\/product_tag?post=10418"}],"curies":[{"name":"wp","href":"https:\/\/api.w.org\/{rel}","templated":true}]}}