{"id":10410,"date":"2023-07-20T11:14:19","date_gmt":"2023-07-20T08:14:19","guid":{"rendered":"https:\/\/onparturi.fi\/?post_type=product&#038;p=10410"},"modified":"2026-04-21T15:45:26","modified_gmt":"2026-04-21T12:45:26","slug":"shaving-gel-1250ml","status":"publish","type":"product","link":"https:\/\/onparturi.fi\/en\/shop\/parta-viikset\/shaving-gel-1250ml\/","title":{"rendered":"The Shave Factory Shaving Gel 1250ml"},"content":{"rendered":"<hr \/>\n<blockquote>\n<h2 style=\"text-align: center;\">Shaving Gel<\/h2>\n<\/blockquote>\n<hr \/>\n<p>&nbsp;<\/p>\n<blockquote>\n<p style=\"text-align: left;\">Tervetuloa sulavan ja miellytt\u00e4v\u00e4n ajelun maailmaan <a href=\"https:\/\/onparturi.fi\/en\/product-tag\/the-shave-factory\/\">The Shave Factory<\/a> Shaving Gel &#8211; 1250 ml:n avulla. Erityisesti suunniteltu tarjoamaan tarkka ja \u00e4rsytysvapaa ajelu, t\u00e4m\u00e4 korkealaatuinen geeli varmistaa virkist\u00e4v\u00e4n ja tarkan groomauskokemuksen. Sen kosteuttavat ominaisuudet ja runsas vaahto auttavat suojaamaan ja ravitsemaan ihoasi, j\u00e4tt\u00e4en sen pehme\u00e4ksi ja joustavaksi. Nosta ajelurutiinisi uudelle tasolle ja saavuta moitteeton lopputulos\u00a0 Gelill\u00e4. Tutustu tarkan ajelun taiteeseen ja hemmottele itse\u00e4si t\u00e4ydellisell\u00e4 groomauskokemuksella.<\/p>\n<h4 style=\"text-align: left;\">Usage Instructions:<\/h4>\n<ol style=\"text-align: left;\">\n<li>Pese kasvot l\u00e4mpim\u00e4ll\u00e4 vedell\u00e4 ja kuivaa ne kevyesti pyyhkeell\u00e4.<\/li>\n<li>Ota riitt\u00e4v\u00e4 m\u00e4\u00e4r\u00e4\u00a0 -geeli\u00e4 k\u00e4mmenellesi.<\/li>\n<li>Levit\u00e4 geeli kostealle iholle tasaisesti partater\u00e4n kohdalle.<\/li>\n<li>Aloita ajelu partater\u00e4\u00e4 liu&#8217;uttamalla hiusten kasvusuunnassa pienin ja kevyin vedoin.<\/li>\n<li>Huuhtele partater\u00e4 s\u00e4\u00e4nn\u00f6llisesti l\u00e4mpim\u00e4ll\u00e4 vedell\u00e4 poistaaksesi geelin j\u00e4\u00e4m\u00e4t.<\/li>\n<li>Kun ajelu on valmis, huuhtele iho huolellisesti viile\u00e4ll\u00e4 vedell\u00e4 ja taputtele se kuivaksi.<\/li>\n<li>Levit\u00e4 kosteuttavaa after-shave voidetta tai balmia rauhoittaaksesi ihoa ja v\u00e4hent\u00e4\u00e4ksesi punoitusta.<\/li>\n<\/ol>\n<p>&nbsp;<\/p>\n<p style=\"text-align: left;\">N\u00e4iden ohjeiden avulla saat sulavan ja miellytt\u00e4v\u00e4n ajelukokemuksen <a href=\"https:\/\/www.theshavefactory.com\/\" target=\"_blank\" rel=\"noopener\">The Shave Factory<\/a> Shaving Gel -geelin avulla. Nauti tarkasta ja \u00e4rsytysvapaasta ajelusta sek\u00e4 pehme\u00e4st\u00e4 ja raikkaasta ihosta jokaisen ajelun j\u00e4lkeen.<\/p>\n<\/blockquote>","protected":false},"excerpt":{"rendered":"<h2>The Shave Factory Shaving Gel &#8211; 1250 ml<\/h2>\n<p>:n avulla. Erityisesti suunniteltu tarjoamaan tarkka ja \u00e4rsytysvapaa ajelu, t\u00e4m\u00e4 korkealaatuinen geeli varmistaa virkist\u00e4v\u00e4n ja tarkan groomauskokemuksen. Sen kosteuttavat ominaisuudet ja runsas vaahto auttavat suojaamaan ja ravitsemaan ihoasi, j\u00e4tt\u00e4en sen pehme\u00e4ksi ja joustavaksi. Nosta ajelurutiinisi uudelle tasolle ja saavuta moitteeton lopputulos Gelill\u00e4. Tutustu tarkan ajelun taiteeseen ja hemmottele itse\u00e4si t\u00e4ydellisell\u00e4 groomauskokemuksella.<\/p>","protected":false},"featured_media":10412,"comment_status":"open","ping_status":"closed","template":"","meta":[],"product_brand":[],"product_cat":[45],"product_tag":[200],"class_list":{"0":"post-10410","1":"product","2":"type-product","3":"status-publish","4":"has-post-thumbnail","6":"product_cat-parta-viikset","7":"product_tag-the-shave-factory","9":"first","10":"instock","11":"taxable","12":"shipping-taxable","13":"purchasable","14":"product-type-variable"},"_links":{"self":[{"href":"https:\/\/onparturi.fi\/en\/wp-json\/wp\/v2\/product\/10410","targetHints":{"allow":["GET"]}}],"collection":[{"href":"https:\/\/onparturi.fi\/en\/wp-json\/wp\/v2\/product"}],"about":[{"href":"https:\/\/onparturi.fi\/en\/wp-json\/wp\/v2\/types\/product"}],"replies":[{"embeddable":true,"href":"https:\/\/onparturi.fi\/en\/wp-json\/wp\/v2\/comments?post=10410"}],"version-history":[{"count":2,"href":"https:\/\/onparturi.fi\/en\/wp-json\/wp\/v2\/product\/10410\/revisions"}],"predecessor-version":[{"id":10781,"href":"https:\/\/onparturi.fi\/en\/wp-json\/wp\/v2\/product\/10410\/revisions\/10781"}],"wp:featuredmedia":[{"embeddable":true,"href":"https:\/\/onparturi.fi\/en\/wp-json\/wp\/v2\/media\/10412"}],"wp:attachment":[{"href":"https:\/\/onparturi.fi\/en\/wp-json\/wp\/v2\/media?parent=10410"}],"wp:term":[{"taxonomy":"product_brand","embeddable":true,"href":"https:\/\/onparturi.fi\/en\/wp-json\/wp\/v2\/product_brand?post=10410"},{"taxonomy":"product_cat","embeddable":true,"href":"https:\/\/onparturi.fi\/en\/wp-json\/wp\/v2\/product_cat?post=10410"},{"taxonomy":"product_tag","embeddable":true,"href":"https:\/\/onparturi.fi\/en\/wp-json\/wp\/v2\/product_tag?post=10410"}],"curies":[{"name":"wp","href":"https:\/\/api.w.org\/{rel}","templated":true}]}}