{"id":10376,"date":"2023-07-19T12:28:18","date_gmt":"2023-07-19T09:28:18","guid":{"rendered":"https:\/\/onparturi.fi\/?post_type=product&#038;p=10376"},"modified":"2026-04-21T15:50:27","modified_gmt":"2026-04-21T12:50:27","slug":"premium-pomade","status":"publish","type":"product","link":"https:\/\/onparturi.fi\/en\/shop\/hiustuotteet\/hiusgeelit-ja-vahat\/premium-pomade\/","title":{"rendered":"Premium Pomade 150ml"},"content":{"rendered":"<hr \/>\n<blockquote>\n<h2 style=\"text-align: center;\"><span style=\"color: #000000;\"><a style=\"color: #000000;\" href=\"https:\/\/onparturi.fi\/en\/product-tag\/the-shave-factory\/\">Premium Pomade<\/a><\/span><\/h2>\n<\/blockquote>\n<hr \/>\n<p>&nbsp;<\/p>\n<blockquote>\n<p style=\"text-align: center;\">Astuppa sis\u00e4\u00e4n tyylin maailmaan, T\u00e4m\u00e4 huolellisesti valmistettu korkealaatuinen pomade on suunniteltu taidokkaaseen muotoiluun, tarjoten samalla pitk\u00e4kestoisen pidon haluamallesi hiustyyliin. Olitpa sitten tavoittelemassa klassista ilmett\u00e4 tai luomaan modernia tyylikkyytt\u00e4, t\u00e4m\u00e4 premium-pomade takaa ylivertaisen groomauksen tulokset.<\/p>\n<p>&nbsp;<\/p>\n<p style=\"text-align: center;\">Unohda huolesi hiusten hallinnasta, sill\u00e4 <a href=\"https:\/\/onparturi.fi\/en\/product-tag\/the-shave-factory\/\">The <span style=\"color: #000000;\">Shave<\/span> Factory<\/a> Premium Pomade tekee siit\u00e4 helpompaa kuin koskaan ennen. Sen vaivaton levittyvyys ja pit\u00e4v\u00e4 koostumus takaavat, ett\u00e4 hiuksesi pysyv\u00e4t paikoillaan pitk\u00e4nkin p\u00e4iv\u00e4n ajan. Voit luoda persoonallisia ja ainutlaatuisia tyylej\u00e4, jotka sopivat juuri sinulle.<\/p>\n<p>&nbsp;<\/p>\n<p style=\"text-align: center;\">T\u00e4m\u00e4 pomade ei ainoastaan tarjoa upeaa pidon tuntua, vaan my\u00f6s hoitaa ja suojaa hiuksiasi. Sen ravitsevat ainesosat j\u00e4tt\u00e4v\u00e4t hiukset pehmeiksi, terveen n\u00e4k\u00f6isiksi ja helposti hallittaviksi. Voit luottaa siihen, ett\u00e4 hiuksesi n\u00e4ytt\u00e4v\u00e4t ja tuntuvat parhailta mahdollisilta.<\/p>\n<p>&nbsp;<\/p>\n<p style=\"text-align: center;\">Avaa tyylinsi uusi luku. T\u00e4m\u00e4 pomade on t\u00e4ydellinen kumppani, oli kyseess\u00e4 sitten arkinen tyyli tai erityinen tilaisuus. Se nostaa hiustesi ulkon\u00e4\u00f6n uudelle tasolle ja antaa sinulle itseluottamusta jokaiseen p\u00e4iv\u00e4\u00e4n.<\/p>\n<p>&nbsp;<\/p>\n<p style=\"text-align: center;\">Anna itsesi lumoutua t\u00e4m\u00e4n korkealaatuisen pomaden taianomaisesta vaikutuksesta. Koe, miten se tekee tyylin luomisesta nautinnollista ja helppoa. Hanki nyt The Shave Factory Premium Pomade ja anna hiuksillesi ansaitsemaansa huomiota.<\/p>\n<\/blockquote>","protected":false},"excerpt":{"rendered":"<h2>The Shave Factory Premium Pomade 150ml<\/h2>\n<p>T\u00e4m\u00e4 huolellisesti valmistettu korkealaatuinen pomade tarjoaa vaivatonta muotoilua ja pitk\u00e4kestoisen pidon haluamaasi hiustyyliin. Olitpa sitten tavoittelemassa klassista ilmett\u00e4 tai modernia tyyli\u00e4, premium-pomadeemme varmistaa ylivertaista groomauskokemusta. Omaksu luottamus, joka tulee t\u00e4ydellisesti muotoilluista hiuksista. Nosta tyyli\u00e4si uudelle tasolle ja avaa ovet moitteettomalle groomaukselle The Shave Factory Premium Pomaden avulla. Osta nyt ja koe sen vaikutus p\u00e4ivitt\u00e4isess\u00e4 groomausrutiinissasi<\/p>","protected":false},"featured_media":10381,"comment_status":"open","ping_status":"closed","template":"","meta":[],"product_brand":[],"product_cat":[61,197],"product_tag":[200],"class_list":{"0":"post-10376","1":"product","2":"type-product","3":"status-publish","4":"has-post-thumbnail","6":"product_cat-hiusgeelit-ja-vahat","7":"product_cat-hiustuotteet","8":"product_tag-the-shave-factory","10":"first","11":"outofstock","12":"sale","13":"taxable","14":"shipping-taxable","15":"purchasable","16":"product-type-variable","17":"has-default-attributes"},"_links":{"self":[{"href":"https:\/\/onparturi.fi\/en\/wp-json\/wp\/v2\/product\/10376","targetHints":{"allow":["GET"]}}],"collection":[{"href":"https:\/\/onparturi.fi\/en\/wp-json\/wp\/v2\/product"}],"about":[{"href":"https:\/\/onparturi.fi\/en\/wp-json\/wp\/v2\/types\/product"}],"replies":[{"embeddable":true,"href":"https:\/\/onparturi.fi\/en\/wp-json\/wp\/v2\/comments?post=10376"}],"version-history":[{"count":4,"href":"https:\/\/onparturi.fi\/en\/wp-json\/wp\/v2\/product\/10376\/revisions"}],"predecessor-version":[{"id":10386,"href":"https:\/\/onparturi.fi\/en\/wp-json\/wp\/v2\/product\/10376\/revisions\/10386"}],"wp:featuredmedia":[{"embeddable":true,"href":"https:\/\/onparturi.fi\/en\/wp-json\/wp\/v2\/media\/10381"}],"wp:attachment":[{"href":"https:\/\/onparturi.fi\/en\/wp-json\/wp\/v2\/media?parent=10376"}],"wp:term":[{"taxonomy":"product_brand","embeddable":true,"href":"https:\/\/onparturi.fi\/en\/wp-json\/wp\/v2\/product_brand?post=10376"},{"taxonomy":"product_cat","embeddable":true,"href":"https:\/\/onparturi.fi\/en\/wp-json\/wp\/v2\/product_cat?post=10376"},{"taxonomy":"product_tag","embeddable":true,"href":"https:\/\/onparturi.fi\/en\/wp-json\/wp\/v2\/product_tag?post=10376"}],"curies":[{"name":"wp","href":"https:\/\/api.w.org\/{rel}","templated":true}]}}