{"id":8901,"date":"2022-11-12T02:54:20","date_gmt":"2022-11-12T00:54:20","guid":{"rendered":"https:\/\/onparturi.fi\/?page_id=8901"},"modified":"2024-07-30T12:47:15","modified_gmt":"2024-07-30T09:47:15","slug":"shipping","status":"publish","type":"page","link":"https:\/\/onparturi.fi\/en\/shipping\/","title":{"rendered":"Shipping policy"},"content":{"rendered":"<div data-elementor-type=\"wp-page\" data-elementor-id=\"8901\" class=\"elementor elementor-8901\" data-elementor-post-type=\"page\">\n\t\t\t\t\t\t<section class=\"elementor-section elementor-top-section elementor-element elementor-element-b38ac85 elementor-section-boxed elementor-section-height-default elementor-section-height-default\" data-id=\"b38ac85\" data-element_type=\"section\">\n\t\t\t\t\t\t<div class=\"elementor-container elementor-column-gap-default\">\n\t\t\t\t\t<div class=\"elementor-column elementor-col-100 elementor-top-column elementor-element elementor-element-4294664\" data-id=\"4294664\" data-element_type=\"column\">\n\t\t\t<div class=\"elementor-widget-wrap elementor-element-populated\">\n\t\t\t\t\t\t<div class=\"elementor-element elementor-element-a874061 elementor-widget__width-initial elementor-widget elementor-widget-text-editor\" data-id=\"a874061\" data-element_type=\"widget\" data-widget_type=\"text-editor.default\">\n\t\t\t\t<div class=\"elementor-widget-container\">\n\t\t\t\t\t\t\t\t\t<h2>SHIPPING POLICY<\/h2><p>This shipping policy is part of our terms of use ('Terms') and should be read together with the main terms. <a href=\"https:\/\/onparturi.fi\/en\/terms-and-conditions\/\">https:\/\/onparturi.fi\/terms-and-conditions<\/a>Please carefully review our shipping policy when purchasing our products. This policy applies to all orders you place.<\/p><h3>SHIPPING COSTS AND TRANSPORT COMPANIES<\/h3><p>We offer deliveries through the following companies according to their pricing, which can be seen at checkout. You can find more detailed information about delivery times on the official website of the respective transport company. Delivery time is approximately 1-3 business days.<\/p><ul><li>Posti<\/li><li>DB Schenker<\/li><\/ul><h3>Do you deliver internationally?<\/h3><p>We do not offer international shipping.<\/p><h3>What happens if my order is delayed?<\/h3><p>If delivery is delayed for any reason, we will notify you as soon as possible and provide a new estimated delivery time. This does not affect your legal rights. For more information, please refer to our terms of service.<\/p><h3>Questions about returns?<\/h3><p>If you have questions about returns, please check our return policy.<\/p><h3>HOW CAN YOU CONTACT US REGARDING THIS POLICY?<\/h3><p>If you have any questions or comments, you can contact us via email at: <a href=\"mailto:onparturi@gmail.com\">onparturi@gmail.com<\/a>.<\/p>\t\t\t\t\t\t\t\t<\/div>\n\t\t\t\t<\/div>\n\t\t\t\t\t<\/div>\n\t\t<\/div>\n\t\t\t\t\t<\/div>\n\t\t<\/section>\n\t\t\t\t<\/div>","protected":false},"excerpt":{"rendered":"<p>TOIMITUSK\u00c4YT\u00c4NT\u00d6 T\u00e4m\u00e4 toimitusk\u00e4yt\u00e4nt\u00f6 on osa k\u00e4ytt\u00f6ehtojamme (&#8221;Ehdot&#8221;) ja se tulisi lukea yhdess\u00e4 p\u00e4\u00e4ehtojen kanssa: https:\/\/onparturi.fi\/terms-and-conditions. Tarkistathan huolellisesti toimitusk\u00e4yt\u00e4nt\u00f6mme ostaessasi tuotteitamme. T\u00e4m\u00e4 k\u00e4yt\u00e4nt\u00f6 koskee kaikkia tekemi\u00e4si tilauksia. TOIMITUSMAKSUT JA KULJETUSYHTI\u00d6T Tarjoamme toimituksia seuraavien yhti\u00f6iden kautta heid\u00e4n hinnoittelunsa mukaan, jotka n\u00e4kyv\u00e4t kassalla. Tarkempia tietoja toimitusajoista l\u00f6yd\u00e4t kyseisen kuljetusyhti\u00f6n virallisilta verkkosivuilta. Toimitusaika on arviolta 1-3 arkip\u00e4iv\u00e4\u00e4. Posti DB [&hellip;]<\/p>","protected":false},"author":1,"featured_media":0,"parent":0,"menu_order":0,"comment_status":"closed","ping_status":"closed","template":"elementor_header_footer","meta":{"footnotes":""},"class_list":["post-8901","page","type-page","status-publish","hentry"],"_links":{"self":[{"href":"https:\/\/onparturi.fi\/en\/wp-json\/wp\/v2\/pages\/8901","targetHints":{"allow":["GET"]}}],"collection":[{"href":"https:\/\/onparturi.fi\/en\/wp-json\/wp\/v2\/pages"}],"about":[{"href":"https:\/\/onparturi.fi\/en\/wp-json\/wp\/v2\/types\/page"}],"author":[{"embeddable":true,"href":"https:\/\/onparturi.fi\/en\/wp-json\/wp\/v2\/users\/1"}],"replies":[{"embeddable":true,"href":"https:\/\/onparturi.fi\/en\/wp-json\/wp\/v2\/comments?post=8901"}],"version-history":[{"count":29,"href":"https:\/\/onparturi.fi\/en\/wp-json\/wp\/v2\/pages\/8901\/revisions"}],"predecessor-version":[{"id":12398,"href":"https:\/\/onparturi.fi\/en\/wp-json\/wp\/v2\/pages\/8901\/revisions\/12398"}],"wp:attachment":[{"href":"https:\/\/onparturi.fi\/en\/wp-json\/wp\/v2\/media?parent=8901"}],"curies":[{"name":"wp","href":"https:\/\/api.w.org\/{rel}","templated":true}]}}