{"id":2375,"date":"2021-09-02T23:02:33","date_gmt":"2021-09-02T20:02:33","guid":{"rendered":"https:\/\/www.onparturi.fi\/?page_id=2375"},"modified":"2026-01-20T17:16:18","modified_gmt":"2026-01-20T15:16:18","slug":"warranty-returns","status":"publish","type":"page","link":"https:\/\/onparturi.fi\/en\/warranty-returns\/","title":{"rendered":"Warranty &#038; Returns"},"content":{"rendered":"<div data-elementor-type=\"wp-page\" data-elementor-id=\"2375\" class=\"elementor elementor-2375\" data-elementor-post-type=\"page\">\n\t\t\t\t\t\t<section class=\"elementor-section elementor-top-section elementor-element elementor-element-260ff9c5 elementor-section-boxed elementor-section-height-default elementor-section-height-default\" data-id=\"260ff9c5\" data-element_type=\"section\">\n\t\t\t\t\t\t<div class=\"elementor-container elementor-column-gap-default\">\n\t\t\t\t\t<div class=\"elementor-column elementor-col-100 elementor-top-column elementor-element elementor-element-6bba8e41\" data-id=\"6bba8e41\" data-element_type=\"column\">\n\t\t\t<div class=\"elementor-widget-wrap elementor-element-populated\">\n\t\t\t\t\t\t<div class=\"elementor-element elementor-element-1e56a8c2 elementor-widget elementor-widget-text-editor\" data-id=\"1e56a8c2\" data-element_type=\"widget\" data-widget_type=\"text-editor.default\">\n\t\t\t\t<div class=\"elementor-widget-container\">\n\t\t\t\t\t\t\t\t\t<h2>Takuu, Palautus &amp; Hyvitys<\/h2>\n<p>On Parturi offers a 30-day return policy from the date of order for its products. This includes discounted items as well.<\/p>\n<h3>Return Policy Terms<\/h3>\n<p>The return policy applies only to products that:<\/p>\n<ul>\n<li>Are in their original condition<\/li>\n<li>Have not been used<\/li>\n<li>Are returned in the original packaging that does not show signs of being opened<\/li>\n<li>Are carefully packaged for return<\/li>\n<li>Are still in a sellable condition<\/li>\n<\/ul>\n<p>We kindly ask that you handle products with care before making a decision to ensure their eligibility for return.<\/p>\n<p>If you have any questions regarding returns or refunds, please contact us via email at: <a href=\"mailto:onparturi@gmail.com\">onparturi@gmail.com<\/a><\/p>\n<h3>Initiating a Return<\/h3>\n<ol>\n<li><strong>Contact us<\/strong> : Send an email to <a href=\"mailto:onparturi@gmail.com\">onparturi@gmail.com<\/a> to start the return process<\/li>\n<li><strong>Send your return<\/strong> Returns should be sent to:<br><address>Brahenkatu 10, LT 8, 20100, Turku, Suomi<\/address>\n<\/li>\n<\/ol>\n<p>Once your return is accepted, we will send you a return shipping label and instructions for sending the package.<\/p>\n<p>Please note that products sent without a return request will not be accepted.<\/p>\n<p>If you are returning products from outside Finland, shipping times may vary.<\/p>\n<p>For any return-related inquiries, please contact us via email: <a href=\"mailto:onparturi@gmail.com\">onparturi@gmail.com<\/a><\/p>\n<h3>Damages and Issues<\/h3>\n<p>Inspect your order immediately upon receipt. If the product is defective, damaged, or incorrect, please contact us immediately so we can assess and resolve the issue.<\/p>\n<h3>Exchanges<\/h3>\n<p>To exchange a product, return the original item and make a new purchase of the desired item after the return is approved. If you received the wrong product, we will cover the return shipping costs and send you the correct item.<\/p>\n<h3>Refunds<\/h3>\n<p>Once we receive and inspect your return, we will notify you of the approval of your refund. After approval, we will initiate a refund to your original payment method within 5 business days. Please note that it may take some time for your bank or credit card company to process and post the refund.<\/p>\n<p>Jos yli 15 arkip\u00e4iv\u00e4\u00e4 on kulunut palautuksen hyv\u00e4ksymisest\u00e4 eik\u00e4 hyvityst\u00e4 ole saatu, ota meihin yhteytt\u00e4 osoitteessa; <a href=\"mailto:onparturi@gmail.com\">onparturi@gmail.com<\/a><\/p>\t\t\t\t\t\t\t\t<\/div>\n\t\t\t\t<\/div>\n\t\t\t\t\t<\/div>\n\t\t<\/div>\n\t\t\t\t\t<\/div>\n\t\t<\/section>\n\t\t\t\t<\/div>","protected":false},"excerpt":{"rendered":"<p>Takuu, Palautus &amp; Hyvitys On Parturi tarjoaa tuotteilleen 30 p\u00e4iv\u00e4n palautusoikeuden tilausp\u00e4iv\u00e4st\u00e4 lukien. T\u00e4m\u00e4 koskee my\u00f6s alennustuotteita. Palautusoikeuden ehdot Palautusoikeus koskee vain tuotteita, jotka: Ovat alkuper\u00e4isess\u00e4 kunnossa Ovat k\u00e4ytt\u00e4m\u00e4tt\u00f6mi\u00e4 On palautettu alkuper\u00e4isess\u00e4 pakkauksessa, joka ei osoita tuotteen olleen avattu On palautettu huolellisesti pakattuina Ovat edelleen myyntikelpoisia Pyyd\u00e4mme k\u00e4sittelem\u00e4\u00e4n tuotteita varoen ennen ostop\u00e4\u00e4t\u00f6st\u00e4 varmistaaksemme niiden palautuskelpoisuuden. [&hellip;]<\/p>","protected":false},"author":1,"featured_media":0,"parent":0,"menu_order":0,"comment_status":"closed","ping_status":"closed","template":"elementor_header_footer","meta":{"footnotes":""},"class_list":["post-2375","page","type-page","status-publish","hentry"],"_links":{"self":[{"href":"https:\/\/onparturi.fi\/en\/wp-json\/wp\/v2\/pages\/2375","targetHints":{"allow":["GET"]}}],"collection":[{"href":"https:\/\/onparturi.fi\/en\/wp-json\/wp\/v2\/pages"}],"about":[{"href":"https:\/\/onparturi.fi\/en\/wp-json\/wp\/v2\/types\/page"}],"author":[{"embeddable":true,"href":"https:\/\/onparturi.fi\/en\/wp-json\/wp\/v2\/users\/1"}],"replies":[{"embeddable":true,"href":"https:\/\/onparturi.fi\/en\/wp-json\/wp\/v2\/comments?post=2375"}],"version-history":[{"count":43,"href":"https:\/\/onparturi.fi\/en\/wp-json\/wp\/v2\/pages\/2375\/revisions"}],"predecessor-version":[{"id":14388,"href":"https:\/\/onparturi.fi\/en\/wp-json\/wp\/v2\/pages\/2375\/revisions\/14388"}],"wp:attachment":[{"href":"https:\/\/onparturi.fi\/en\/wp-json\/wp\/v2\/media?parent=2375"}],"curies":[{"name":"wp","href":"https:\/\/api.w.org\/{rel}","templated":true}]}}